{"id":68,"date":"2024-12-06T16:35:04","date_gmt":"2024-12-06T15:35:04","guid":{"rendered":"https:\/\/domoweprzedszkoletczew.pl\/?page_id=68"},"modified":"2026-03-13T12:08:33","modified_gmt":"2026-03-13T11:08:33","slug":"kontakt","status":"publish","type":"page","link":"https:\/\/domoweprzedszkoletczew.pl\/?page_id=68","title":{"rendered":"Kontakt"},"content":{"rendered":"\t\t<div data-elementor-type=\"wp-page\" data-elementor-id=\"68\" class=\"elementor elementor-68\">\n\t\t\t\t<div class=\"elementor-element elementor-element-c432681 e-grid e-con-boxed e-con e-parent\" data-id=\"c432681\" data-element_type=\"container\" data-e-type=\"container\">\n\t\t\t\t\t<div class=\"e-con-inner\">\n\t\t<div class=\"elementor-element elementor-element-ce3a774 e-con-full e-flex e-con e-child\" data-id=\"ce3a774\" data-element_type=\"container\" data-e-type=\"container\">\n\t\t\t\t<div class=\"elementor-element elementor-element-c2c8260 elementor-widget__width-inherit elementor-widget elementor-widget-heading\" data-id=\"c2c8260\" data-element_type=\"widget\" data-e-type=\"widget\" data-widget_type=\"heading.default\">\n\t\t\t\t<div class=\"elementor-widget-container\">\n\t\t\t\t\t<h2 class=\"elementor-heading-title elementor-size-default\">Przedszkole w Rokitkach<\/h2>\t\t\t\t<\/div>\n\t\t\t\t<\/div>\n\t\t\t\t<div class=\"elementor-element elementor-element-cba5e10 elementor-widget__width-inherit elementor-widget elementor-widget-text-editor\" data-id=\"cba5e10\" data-element_type=\"widget\" data-e-type=\"widget\" data-widget_type=\"text-editor.default\">\n\t\t\t\t<div class=\"elementor-widget-container\">\n\t\t\t\t\t\t\t\t\t<div>Adres:<\/div><div>ul. Czere\u015bniowa 2<\/div><div>83-112 Rokitki<\/div><div>woj. pomorskie<\/div>\t\t\t\t\t\t\t\t<\/div>\n\t\t\t\t<\/div>\n\t\t\t\t<div class=\"elementor-element elementor-element-c5ef194 elementor-widget__width-inherit elementor-widget elementor-widget-text-editor\" data-id=\"c5ef194\" data-element_type=\"widget\" data-e-type=\"widget\" data-widget_type=\"text-editor.default\">\n\t\t\t\t<div class=\"elementor-widget-container\">\n\t\t\t\t\t\t\t\t\t<p>Nauczyciele i terapeuci: <span class=\"x193iq5w xeuugli x13faqbe x1vvkbs xlh3980 xvmahel x1n0sxbx x1lliihq x1s928wv xhkezso x1gmr53x x1cpjm7i x1fgarty x1943h6x xudqn12 x3x7a5m x6prxxf xvq8zen xo1l8bm xzsf02u x1yc453h\" dir=\"auto\">531 115 332<\/span><\/p><p>Dyrekcja: 452 510 122<\/p><p>Adres e-mail: <span style=\"color: #222222;\"><span style=\"font-family: Arial, Helvetica, sans-serif;\"><span style=\"font-size: medium;\"><a href=\"mailto:domoweprzedszkoletczew@gmail.com\" target=\"_blank\" rel=\"noopener\">domoweprzedszkoletczew@gmail.<wbr \/>com<\/a><\/span><\/span><\/span><\/p>\t\t\t\t\t\t\t\t<\/div>\n\t\t\t\t<\/div>\n\t\t\t\t<div class=\"elementor-element elementor-element-887f989 elementor-widget__width-inherit elementor-widget elementor-widget-google_maps\" data-id=\"887f989\" data-element_type=\"widget\" data-e-type=\"widget\" data-widget_type=\"google_maps.default\">\n\t\t\t\t<div class=\"elementor-widget-container\">\n\t\t\t\t\t\t\t<div class=\"elementor-custom-embed\">\n\t\t\t<iframe loading=\"lazy\"\n\t\t\t\t\tsrc=\"https:\/\/maps.google.com\/maps?q=ul.%20Czere%C5%9Bniowa%202%20%2083-110%20Rokitki&#038;t=m&#038;z=13&#038;output=embed&#038;iwloc=near\"\n\t\t\t\t\ttitle=\"ul. Czere\u015bniowa 2  83-110 Rokitki\"\n\t\t\t\t\taria-label=\"ul. Czere\u015bniowa 2  83-110 Rokitki\"\n\t\t\t><\/iframe>\n\t\t<\/div>\n\t\t\t\t\t\t<\/div>\n\t\t\t\t<\/div>\n\t\t\t\t<\/div>\n\t\t<div class=\"elementor-element elementor-element-1ce0f55 e-con-full e-flex e-con e-child\" data-id=\"1ce0f55\" data-element_type=\"container\" data-e-type=\"container\">\n\t\t\t\t<div class=\"elementor-element elementor-element-c1af314 elementor-widget__width-inherit elementor-widget elementor-widget-heading\" data-id=\"c1af314\" data-element_type=\"widget\" data-e-type=\"widget\" data-widget_type=\"heading.default\">\n\t\t\t\t<div class=\"elementor-widget-container\">\n\t\t\t\t\t<h2 class=\"elementor-heading-title elementor-size-default\">ZG\u0141OSZENIA NIEOBECNO\u015aCI DZIECKA<\/h2>\t\t\t\t<\/div>\n\t\t\t\t<\/div>\n\t\t\t\t<div class=\"elementor-element elementor-element-443ef08 elementor-widget__width-inherit elementor-widget elementor-widget-text-editor\" data-id=\"443ef08\" data-element_type=\"widget\" data-e-type=\"widget\" data-widget_type=\"text-editor.default\">\n\t\t\t\t<div class=\"elementor-widget-container\">\n\t\t\t\t\t\t\t\t\t<p>Je\u015bli dziecko nie pojawi si\u0119 w danym dniu na zaj\u0119ciach, prosimy o przekazanie tej informacji najp\u00f3\u017aniej <span style=\"text-decoration: underline;\">do godziny <strong>8:00 rano<\/strong><\/span>.<\/p><p>Nieobecno\u015b\u0107 mo\u017cna zg\u0142osi\u0107 na dwa sposoby:<\/p><ol><li>Aplikacja LiveKid \u2013 poprzez zaznaczenie nieobecno\u015bci w profilu dziecka.<\/li><li>Kontakt telefoniczny lub SMS \u2013 pod numerem telefonu: <strong>531 115 332<\/strong>.<\/li><\/ol>\t\t\t\t\t\t\t\t<\/div>\n\t\t\t\t<\/div>\n\t\t\t\t<\/div>\n\t\t<div class=\"elementor-element elementor-element-1afd358 e-con-full e-flex e-con e-child\" data-id=\"1afd358\" data-element_type=\"container\" data-e-type=\"container\">\n\t\t\t\t<\/div>\n\t\t\t\t\t<\/div>\n\t\t\t\t<\/div>\n\t\t\t\t<\/div>\n\t\t","protected":false},"excerpt":{"rendered":"<p>Przedszkole w Rokitkach Adres:ul. Czere\u015bniowa 283-112 Rokitkiwoj. pomorskie Nauczyciele i terapeuci: 531 115 332 Dyrekcja: 452 510 122 Adres e-mail: domoweprzedszkoletczew@gmail.com ZG\u0141OSZENIA NIEOBECNO\u015aCI DZIECKA Je\u015bli dziecko nie pojawi si\u0119 w danym dniu na zaj\u0119ciach, prosimy o przekazanie tej informacji najp\u00f3\u017aniej do godziny 8:00 rano. Nieobecno\u015b\u0107 mo\u017cna zg\u0142osi\u0107 na dwa sposoby: Aplikacja LiveKid \u2013 poprzez zaznaczenie [&hellip;]<\/p>\n","protected":false},"author":1,"featured_media":0,"parent":0,"menu_order":0,"comment_status":"closed","ping_status":"closed","template":"","meta":{"footnotes":""},"class_list":["post-68","page","type-page","status-publish","hentry"],"_links":{"self":[{"href":"https:\/\/domoweprzedszkoletczew.pl\/index.php?rest_route=\/wp\/v2\/pages\/68","targetHints":{"allow":["GET"]}}],"collection":[{"href":"https:\/\/domoweprzedszkoletczew.pl\/index.php?rest_route=\/wp\/v2\/pages"}],"about":[{"href":"https:\/\/domoweprzedszkoletczew.pl\/index.php?rest_route=\/wp\/v2\/types\/page"}],"author":[{"embeddable":true,"href":"https:\/\/domoweprzedszkoletczew.pl\/index.php?rest_route=\/wp\/v2\/users\/1"}],"replies":[{"embeddable":true,"href":"https:\/\/domoweprzedszkoletczew.pl\/index.php?rest_route=%2Fwp%2Fv2%2Fcomments&post=68"}],"version-history":[{"count":43,"href":"https:\/\/domoweprzedszkoletczew.pl\/index.php?rest_route=\/wp\/v2\/pages\/68\/revisions"}],"predecessor-version":[{"id":385,"href":"https:\/\/domoweprzedszkoletczew.pl\/index.php?rest_route=\/wp\/v2\/pages\/68\/revisions\/385"}],"wp:attachment":[{"href":"https:\/\/domoweprzedszkoletczew.pl\/index.php?rest_route=%2Fwp%2Fv2%2Fmedia&parent=68"}],"curies":[{"name":"wp","href":"https:\/\/api.w.org\/{rel}","templated":true}]}}