{"id":53,"date":"2024-12-06T16:34:09","date_gmt":"2024-12-06T15:34:09","guid":{"rendered":"https:\/\/domoweprzedszkoletczew.pl\/?page_id=53"},"modified":"2026-03-18T21:09:31","modified_gmt":"2026-03-18T20:09:31","slug":"oferta","status":"publish","type":"page","link":"https:\/\/domoweprzedszkoletczew.pl\/?page_id=53","title":{"rendered":"Oferta"},"content":{"rendered":"\t\t<div data-elementor-type=\"wp-page\" data-elementor-id=\"53\" class=\"elementor elementor-53\">\n\t\t\t\t<div class=\"elementor-element elementor-element-5284d16 e-flex e-con-boxed e-con e-parent\" data-id=\"5284d16\" data-element_type=\"container\" data-e-type=\"container\">\n\t\t\t\t\t<div class=\"e-con-inner\">\n\t\t\t\t<div class=\"elementor-element elementor-element-7a22bd6 elementor-widget elementor-widget-heading\" data-id=\"7a22bd6\" data-element_type=\"widget\" data-e-type=\"widget\" data-widget_type=\"heading.default\">\n\t\t\t\t<div class=\"elementor-widget-container\">\n\t\t\t\t\t<h3 class=\"elementor-heading-title elementor-size-default\">Oferta g\u0142\u00f3wna<\/h3>\t\t\t\t<\/div>\n\t\t\t\t<\/div>\n\t\t\t\t<div class=\"elementor-element elementor-element-9f03132 elementor-widget elementor-widget-text-editor\" data-id=\"9f03132\" data-element_type=\"widget\" data-e-type=\"widget\" data-widget_type=\"text-editor.default\">\n\t\t\t\t<div class=\"elementor-widget-container\">\n\t\t\t\t\t\t\t\t\t<p>Czesne 600 PLN + wy\u017cywienie 15 PLN za dzie\u0144 obecno\u015bci dziecka*<br \/>Op\u0142ata za czesne obejmuje wszystkie zaj\u0119cia prowadzone z grup\u0105 przedszkolak\u00f3w:<br \/>\u2013 codzienne zaj\u0119cia edukacyjno \u2013 wychowawcze z nauczycielem<br \/>\u2013 rytmika<br \/>\u2013 gimnastyka<br \/>\u2013 logopedia<br \/>\u2013 j. angielski<br \/>\u2013 j. niemiecki<br \/>\u2013 joga<br \/>\u2013 zaj\u0119cia taneczne<\/p><p>*Wysoko\u015b\u0107 op\u0142aty za wy\u017cywienie wynosi: 15 PLN (\u015bniadanie, zupa, II danie, podwieczorek, woda); kwota ta jest zale\u017cna od dostawcy, mo\u017ce ulec zmianie w trakcie trwania umowy. W celu otrzymania zwrotu za wy\u017cywienie dziecka w dniu, w kt\u00f3rym b\u0119dzie ono nieobecne, nale\u017cy poinformowa\u0107 o tym przez aplikacj\u0119 LiveKid b\u0105d\u017a telefonicznie lub sms-owo (531115332) Przedszkole w dniu poprzedzaj\u0105cym dzie\u0144 nieobecno\u015bci dziecka lub do godziny 8:00 dnia przewidywanej nieobecno\u015bci.<\/p><p><strong><b>Op\u0142aty dodatkowe<\/b><\/strong>: We wrze\u015bniu konieczny jest zakup podr\u0119cznik\u00f3w (koszt ok. 120-200 PLN i wykup<br \/>ubezpieczenia PZU (koszt ok. 30-50 PLN).<\/p><p><strong><b>Oferta dla rodze\u0144stwa<\/b><\/strong>: Dla dzieci, kt\u00f3re ucz\u0119szczaj\u0105 do Przedszkola razem ze swoim rodze\u0144stwem<br \/>zamieszkuj\u0105cym jedno gospodarstwo domowe przewidziana jest zni\u017cka na czas ucz\u0119szczania obojga<br \/>dzieci: czesne: 500 PLN za ka\u017cde z dzieci; koszt wy\u017cywienia: bez zmian.<\/p>\t\t\t\t\t\t\t\t<\/div>\n\t\t\t\t<\/div>\n\t\t\t\t<div class=\"elementor-element elementor-element-119a41f elementor-widget elementor-widget-heading\" data-id=\"119a41f\" data-element_type=\"widget\" data-e-type=\"widget\" data-widget_type=\"heading.default\">\n\t\t\t\t<div class=\"elementor-widget-container\">\n\t\t\t\t\t<h4 class=\"elementor-heading-title elementor-size-default\">Dzieci z orzeczeniem o potrzebie kszta\u0142cenia specjalnego<\/h4>\t\t\t\t<\/div>\n\t\t\t\t<\/div>\n\t\t\t\t<div class=\"elementor-element elementor-element-8b21606 elementor-widget elementor-widget-text-editor\" data-id=\"8b21606\" data-element_type=\"widget\" data-e-type=\"widget\" data-widget_type=\"text-editor.default\">\n\t\t\t\t<div class=\"elementor-widget-container\">\n\t\t\t\t\t\t\t\t\t<p>Wymagane dokumenty :<\/p><p><strong><b>1. Orzeczenie o potrzebie kszta\u0142cenia specjalnego; ze wzgl\u0119du na: autyzm<\/b><\/strong><\/p><p>oraz<\/p><p><strong><b>2. Opinia w sprawie potrzeby wczesnego wspomagania rozwoju dziecka.<\/b><\/strong><\/p><p>Rodzic\/opiekun prawny b\u0119dzie ponosi\u0142 pomniejszone koszty pobytu dziecka w przedszkolu DOMOWE PRZEDSZKOLE za czesne i wy\u017cywienie, mianowicie sta\u0142\u0105 kwot\u0119 450 PLN miesi\u0119cznie. Dodatkow\u0105 op\u0142at\u0105 b\u0119dzie zakup podr\u0119cznika na pocz\u0105tku ka\u017cdego roku szkolnego (wrzesie\u0144) oraz op\u0142ata za ubezpieczenie.<\/p><p>W przedszkolu dziecko b\u0119dzie przebywa\u0107 wed\u0142ug indywidualnego planu godzin ustalonego zgodnie z mo\u017cliwo\u015bciami i potrzebami rozwojowymi dziecka. Dziecko codziennie b\u0119dzie mia\u0142o zapewnione 2h terapii z terapeut\u0105 zatrudnionym przez przedszkole oraz zaj\u0119cia dodatkowe:<br \/>Terapia SI 30 min. tygodniowo, logopedia 60 min. tygodniowo, fizjoterapia 30 min. tygodniowo, arteterapia 60 min. tygodniowo lub TUS w grupach 2-4 dzieci, zaj\u0119cia z treningu biofeedback (od 5. roku \u017cycia).<\/p><p><br \/>Rodzice\/opiekunowie prawni zobligowani s\u0105 do zawarcia kontraktu z terapeut\u0105. B\u0119d\u0105 r\u00f3wnie\u017c informowani o planach terapeutycznych, zaleceniach pracy w domu, strukturze prowadzonej terapii, wskazaniach itp.<\/p><p><br \/>UWAGA: sam dokument WWR nie stanowi podstawy do skorzystania z w\/w oferty.<\/p>\t\t\t\t\t\t\t\t<\/div>\n\t\t\t\t<\/div>\n\t\t\t\t\t<\/div>\n\t\t\t\t<\/div>\n\t\t\t\t<\/div>\n\t\t","protected":false},"excerpt":{"rendered":"<p>Oferta g\u0142\u00f3wna Czesne 600 PLN + wy\u017cywienie 15 PLN za dzie\u0144 obecno\u015bci dziecka*Op\u0142ata za czesne obejmuje wszystkie zaj\u0119cia prowadzone z grup\u0105 przedszkolak\u00f3w:\u2013 codzienne zaj\u0119cia edukacyjno \u2013 wychowawcze z nauczycielem\u2013 rytmika\u2013 gimnastyka\u2013 logopedia\u2013 j. angielski\u2013 j. niemiecki\u2013 joga\u2013 zaj\u0119cia taneczne *Wysoko\u015b\u0107 op\u0142aty za wy\u017cywienie wynosi: 15 PLN (\u015bniadanie, zupa, II danie, podwieczorek, woda); kwota ta jest [&hellip;]<\/p>\n","protected":false},"author":1,"featured_media":0,"parent":0,"menu_order":0,"comment_status":"closed","ping_status":"closed","template":"","meta":{"footnotes":""},"class_list":["post-53","page","type-page","status-publish","hentry"],"_links":{"self":[{"href":"https:\/\/domoweprzedszkoletczew.pl\/index.php?rest_route=\/wp\/v2\/pages\/53","targetHints":{"allow":["GET"]}}],"collection":[{"href":"https:\/\/domoweprzedszkoletczew.pl\/index.php?rest_route=\/wp\/v2\/pages"}],"about":[{"href":"https:\/\/domoweprzedszkoletczew.pl\/index.php?rest_route=\/wp\/v2\/types\/page"}],"author":[{"embeddable":true,"href":"https:\/\/domoweprzedszkoletczew.pl\/index.php?rest_route=\/wp\/v2\/users\/1"}],"replies":[{"embeddable":true,"href":"https:\/\/domoweprzedszkoletczew.pl\/index.php?rest_route=%2Fwp%2Fv2%2Fcomments&post=53"}],"version-history":[{"count":25,"href":"https:\/\/domoweprzedszkoletczew.pl\/index.php?rest_route=\/wp\/v2\/pages\/53\/revisions"}],"predecessor-version":[{"id":455,"href":"https:\/\/domoweprzedszkoletczew.pl\/index.php?rest_route=\/wp\/v2\/pages\/53\/revisions\/455"}],"wp:attachment":[{"href":"https:\/\/domoweprzedszkoletczew.pl\/index.php?rest_route=%2Fwp%2Fv2%2Fmedia&parent=53"}],"curies":[{"name":"wp","href":"https:\/\/api.w.org\/{rel}","templated":true}]}}