{"id":44,"date":"2024-12-06T16:29:20","date_gmt":"2024-12-06T15:29:20","guid":{"rendered":"https:\/\/domoweprzedszkoletczew.pl\/?page_id=44"},"modified":"2026-03-18T21:10:37","modified_gmt":"2026-03-18T20:10:37","slug":"o-nas","status":"publish","type":"page","link":"https:\/\/domoweprzedszkoletczew.pl\/?page_id=44","title":{"rendered":"O nas"},"content":{"rendered":"\t\t<div data-elementor-type=\"wp-post\" data-elementor-id=\"44\" class=\"elementor elementor-44\">\n\t\t\t\t<div class=\"elementor-element elementor-element-e8b7b9b e-flex e-con-boxed e-con e-parent\" data-id=\"e8b7b9b\" data-element_type=\"container\" data-e-type=\"container\">\n\t\t\t\t\t<div class=\"e-con-inner\">\n\t\t\t\t<div class=\"elementor-element elementor-element-2f60ef9 elementor-widget elementor-widget-text-editor\" data-id=\"2f60ef9\" data-element_type=\"widget\" data-e-type=\"widget\" data-widget_type=\"text-editor.default\">\n\t\t\t\t<div class=\"elementor-widget-container\">\n\t\t\t\t\t\t\t\t\t<div><div><div><div><div><p>Domowe Przedszkole powsta\u0142o w 2013 roku, w domu przy ul. Kr\u00f3lowej Bony w Tczewie. Jako dwie studentki postanowi\u0142y\u015bmy wtedy stworzy\u0107 miejsce, w kt\u00f3rym dzieci b\u0119d\u0105 szcz\u0119\u015bliwie sp\u0119dza\u0107 czas roz\u0142\u0105ki z rodzicami. Uda\u0142o si\u0119! Z roku na rok przybywa\u0142o rodzic\u00f3w, kt\u00f3rzy nam zaufali. Powi\u0119ksza\u0142 si\u0119 r\u00f3wnie\u017c nasz zesp\u00f3\u0142, kt\u00f3ry obecnie liczy <span style=\"text-decoration: underline;\">ponad 20 os\u00f3b<\/span>. To nie tylko \u015bwietni specjali\u015bci, ale i wspaniali<br \/>ludzie, i to dzi\u0119ki nim w\u0142a\u015bnie Domowe Przedszkole takie jest \u2013 roze\u015bmiane, kolorowe i serdeczne.<\/p><p>W pa\u017adzierniku 2025 roku przenie\u015bli\u015bmy si\u0119 do zaprojektowanego pod nasze potrzeby nowego, przestronnego budynku w Rokitkach! To przestrze\u0144, kt\u00f3r\u0105 od pierwszego pomys\u0142u projektowa\u0142y\u015bmy z my\u015bl\u0105 o bezpiecze\u0144stwie, u\u015bmiechu i radosnym odkrywaniu \u015bwiata przez naszych podopiecznych. Jeste\u015bmy dumni, \u017ce mo\u017cemy wsp\u00f3lnie tworzy\u0107 to bezpieczne i pe\u0142ne ciep\u0142a miejsce, w kt\u00f3rym ka\u017cde dziecko mo\u017ce rozwija\u0107 swoje skrzyd\u0142a.<\/p><pre>\u00a0<\/pre><\/div><\/div><\/div><\/div><\/div>\t\t\t\t\t\t\t\t<\/div>\n\t\t\t\t<\/div>\n\t\t\t\t\t<\/div>\n\t\t\t\t<\/div>\n\t\t<div class=\"elementor-element elementor-element-ea23a98 e-flex e-con-boxed e-con e-parent\" data-id=\"ea23a98\" data-element_type=\"container\" data-e-type=\"container\">\n\t\t\t\t\t<div class=\"e-con-inner\">\n\t\t<div class=\"elementor-element elementor-element-d7ae2ad e-con-full e-flex e-con e-child\" data-id=\"d7ae2ad\" data-element_type=\"container\" data-e-type=\"container\">\n\t\t\t\t<div class=\"elementor-element elementor-element-6af392c elementor-widget elementor-widget-heading\" data-id=\"6af392c\" data-element_type=\"widget\" data-e-type=\"widget\" data-widget_type=\"heading.default\">\n\t\t\t\t<div class=\"elementor-widget-container\">\n\t\t\t\t\t<h2 class=\"elementor-heading-title elementor-size-default\">Zobacz nasz\u0105 lokalizacj\u0119!<\/h2>\t\t\t\t<\/div>\n\t\t\t\t<\/div>\n\t\t\t\t<\/div>\n\t\t<div class=\"elementor-element elementor-element-2bae194 e-con-full e-flex e-con e-child\" data-id=\"2bae194\" data-element_type=\"container\" data-e-type=\"container\">\n\t\t\t\t<div class=\"elementor-element elementor-element-728e465 elementor-arrows-position-inside elementor-pagination-position-outside elementor-widget elementor-widget-image-carousel\" data-id=\"728e465\" data-element_type=\"widget\" data-e-type=\"widget\" data-settings=\"{&quot;navigation&quot;:&quot;both&quot;,&quot;autoplay&quot;:&quot;yes&quot;,&quot;pause_on_hover&quot;:&quot;yes&quot;,&quot;pause_on_interaction&quot;:&quot;yes&quot;,&quot;autoplay_speed&quot;:5000,&quot;infinite&quot;:&quot;yes&quot;,&quot;speed&quot;:500}\" data-widget_type=\"image-carousel.default\">\n\t\t\t\t<div class=\"elementor-widget-container\">\n\t\t\t\t\t\t\t<div class=\"elementor-image-carousel-wrapper swiper\" role=\"region\" aria-roledescription=\"carousel\" aria-label=\"Image Carousel\" dir=\"ltr\">\n\t\t\t<div class=\"elementor-image-carousel swiper-wrapper\" aria-live=\"off\">\n\t\t\t\t\t\t\t\t<div class=\"swiper-slide\" role=\"group\" aria-roledescription=\"slide\" aria-label=\"1 of 7\"><figure class=\"swiper-slide-inner\"><img decoding=\"async\" class=\"swiper-slide-image\" src=\"https:\/\/domoweprzedszkoletczew.pl\/wp-content\/uploads\/2026\/03\/493088848_1456470829085539_3020369204228742729_n.jpg\" alt=\"493088848_1456470829085539_3020369204228742729_n\" \/><\/figure><\/div><div class=\"swiper-slide\" role=\"group\" aria-roledescription=\"slide\" aria-label=\"2 of 7\"><figure class=\"swiper-slide-inner\"><img decoding=\"async\" class=\"swiper-slide-image\" src=\"https:\/\/domoweprzedszkoletczew.pl\/wp-content\/uploads\/2026\/03\/492930778_1456470862418869_1223445050744088668_n.jpg\" alt=\"492930778_1456470862418869_1223445050744088668_n\" \/><\/figure><\/div><div class=\"swiper-slide\" role=\"group\" aria-roledescription=\"slide\" aria-label=\"3 of 7\"><figure class=\"swiper-slide-inner\"><img decoding=\"async\" class=\"swiper-slide-image\" src=\"https:\/\/domoweprzedszkoletczew.pl\/wp-content\/uploads\/2026\/03\/492936312_1456470905752198_7012788341781127682_n.jpg\" alt=\"492936312_1456470905752198_7012788341781127682_n\" \/><\/figure><\/div><div class=\"swiper-slide\" role=\"group\" aria-roledescription=\"slide\" aria-label=\"4 of 7\"><figure class=\"swiper-slide-inner\"><img decoding=\"async\" class=\"swiper-slide-image\" src=\"https:\/\/domoweprzedszkoletczew.pl\/wp-content\/uploads\/2026\/03\/495126959_1456470765752212_254079645306058915_n.jpg\" alt=\"495126959_1456470765752212_254079645306058915_n\" \/><\/figure><\/div><div class=\"swiper-slide\" role=\"group\" aria-roledescription=\"slide\" aria-label=\"5 of 7\"><figure class=\"swiper-slide-inner\"><img decoding=\"async\" class=\"swiper-slide-image\" src=\"https:\/\/domoweprzedszkoletczew.pl\/wp-content\/uploads\/2026\/03\/494664453_1456471072418848_7505451742677515373_n.jpg\" alt=\"494664453_1456471072418848_7505451742677515373_n\" \/><\/figure><\/div><div class=\"swiper-slide\" role=\"group\" aria-roledescription=\"slide\" aria-label=\"6 of 7\"><figure class=\"swiper-slide-inner\"><img decoding=\"async\" class=\"swiper-slide-image\" src=\"https:\/\/domoweprzedszkoletczew.pl\/wp-content\/uploads\/2026\/03\/494352894_1456470795752209_8734769836571538211_n.jpg\" alt=\"494352894_1456470795752209_8734769836571538211_n\" \/><\/figure><\/div><div class=\"swiper-slide\" role=\"group\" aria-roledescription=\"slide\" aria-label=\"7 of 7\"><figure class=\"swiper-slide-inner\"><img decoding=\"async\" class=\"swiper-slide-image\" src=\"https:\/\/domoweprzedszkoletczew.pl\/wp-content\/uploads\/2026\/03\/494425291_1456471052418850_4140638108548399151_n.jpg\" alt=\"494425291_1456471052418850_4140638108548399151_n\" \/><\/figure><\/div>\t\t\t<\/div>\n\t\t\t\t\t\t\t\t\t\t\t\t<div class=\"elementor-swiper-button elementor-swiper-button-prev\" role=\"button\" tabindex=\"0\">\n\t\t\t\t\t\t<svg aria-hidden=\"true\" class=\"e-font-icon-svg e-eicon-chevron-left\" viewBox=\"0 0 1000 1000\" xmlns=\"http:\/\/www.w3.org\/2000\/svg\"><path d=\"M646 125C629 125 613 133 604 142L308 442C296 454 292 471 292 487 292 504 296 521 308 533L604 854C617 867 629 875 646 875 663 875 679 871 692 858 704 846 713 829 713 812 713 796 708 779 692 767L438 487 692 225C700 217 708 204 708 187 708 171 704 154 692 142 675 129 663 125 646 125Z\"><\/path><\/svg>\t\t\t\t\t<\/div>\n\t\t\t\t\t<div class=\"elementor-swiper-button elementor-swiper-button-next\" role=\"button\" tabindex=\"0\">\n\t\t\t\t\t\t<svg aria-hidden=\"true\" class=\"e-font-icon-svg e-eicon-chevron-right\" viewBox=\"0 0 1000 1000\" xmlns=\"http:\/\/www.w3.org\/2000\/svg\"><path d=\"M696 533C708 521 713 504 713 487 713 471 708 454 696 446L400 146C388 133 375 125 354 125 338 125 325 129 313 142 300 154 292 171 292 187 292 204 296 221 308 233L563 492 304 771C292 783 288 800 288 817 288 833 296 850 308 863 321 871 338 875 354 875 371 875 388 867 400 854L696 533Z\"><\/path><\/svg>\t\t\t\t\t<\/div>\n\t\t\t\t\n\t\t\t\t\t\t\t\t\t<div class=\"swiper-pagination\"><\/div>\n\t\t\t\t\t\t\t\t\t<\/div>\n\t\t\t\t\t\t<\/div>\n\t\t\t\t<\/div>\n\t\t\t\t<\/div>\n\t\t\t\t\t<\/div>\n\t\t\t\t<\/div>\n\t\t<div class=\"elementor-element elementor-element-958b705 e-flex e-con-boxed e-con e-parent\" data-id=\"958b705\" data-element_type=\"container\" data-e-type=\"container\">\n\t\t\t\t\t<div class=\"e-con-inner\">\n\t\t\t\t<div class=\"elementor-element elementor-element-c603988 elementor-widget-divider--view-line elementor-widget elementor-widget-divider\" data-id=\"c603988\" data-element_type=\"widget\" data-e-type=\"widget\" data-widget_type=\"divider.default\">\n\t\t\t\t<div class=\"elementor-widget-container\">\n\t\t\t\t\t\t\t<div class=\"elementor-divider\">\n\t\t\t<span class=\"elementor-divider-separator\">\n\t\t\t\t\t\t<\/span>\n\t\t<\/div>\n\t\t\t\t\t\t<\/div>\n\t\t\t\t<\/div>\n\t\t\t\t\t<\/div>\n\t\t\t\t<\/div>\n\t\t<div class=\"elementor-element elementor-element-81d1fd9 e-flex e-con-boxed e-con e-parent\" data-id=\"81d1fd9\" data-element_type=\"container\" data-e-type=\"container\">\n\t\t\t\t\t<div class=\"e-con-inner\">\n\t\t\t\t<div class=\"elementor-element elementor-element-442fd5b elementor-widget elementor-widget-text-editor\" data-id=\"442fd5b\" data-element_type=\"widget\" data-e-type=\"widget\" data-widget_type=\"text-editor.default\">\n\t\t\t\t<div class=\"elementor-widget-container\">\n\t\t\t\t\t\t\t\t\t<p>Jako zesp\u00f3\u0142 nieustannie uczymy si\u0119 i rozwijamy. Obserwujemy nowe kierunki edukacji. Wierzymy, \u017ce<br \/>\u017cyczliwo\u015b\u0107 i ciekawo\u015b\u0107 wobec dziecka s\u0105 warto\u015bciami najwa\u017cniejszymi i niezmiennymi. Tworzymy<br \/>przedszkole integracyjne, kt\u00f3re daje szans\u0119 dzieciom z wyzwaniami rozwojowymi przy okazji ucz\u0105c<br \/>r\u00f3\u017cnorodno\u015bci i wsp\u00f3\u0142dzia\u0142ania.<\/p>\t\t\t\t\t\t\t\t<\/div>\n\t\t\t\t<\/div>\n\t\t\t\t\t<\/div>\n\t\t\t\t<\/div>\n\t\t<div class=\"elementor-element elementor-element-ab8e487 e-flex e-con-boxed e-con e-parent\" data-id=\"ab8e487\" data-element_type=\"container\" data-e-type=\"container\">\n\t\t\t\t\t<div class=\"e-con-inner\">\n\t\t\t\t<div class=\"elementor-element elementor-element-c384e26 elementor-widget-divider--separator-type-pattern elementor-widget-divider--view-line elementor-widget elementor-widget-divider\" data-id=\"c384e26\" data-element_type=\"widget\" data-e-type=\"widget\" data-widget_type=\"divider.default\">\n\t\t\t\t<div class=\"elementor-widget-container\">\n\t\t\t\t\t\t\t<div class=\"elementor-divider\" style=\"--divider-pattern-url: url(&quot;data:image\/svg+xml,%3Csvg xmlns=&#039;http:\/\/www.w3.org\/2000\/svg&#039; preserveAspectRatio=&#039;none&#039; overflow=&#039;visible&#039; height=&#039;100%&#039; viewBox=&#039;0 0 24 24&#039; fill=&#039;none&#039; stroke=&#039;black&#039; stroke-width=&#039;1&#039; stroke-linecap=&#039;square&#039; stroke-miterlimit=&#039;10&#039;%3E%3Cpath d=&#039;M0,6c6,0,0.9,11.1,6.9,11.1S18,6,24,6&#039;\/%3E%3C\/svg%3E&quot;);\">\n\t\t\t<span class=\"elementor-divider-separator\">\n\t\t\t\t\t\t<\/span>\n\t\t<\/div>\n\t\t\t\t\t\t<\/div>\n\t\t\t\t<\/div>\n\t\t\t\t\t<\/div>\n\t\t\t\t<\/div>\n\t\t<div class=\"elementor-element elementor-element-c45563b e-flex e-con-boxed e-con e-parent\" data-id=\"c45563b\" data-element_type=\"container\" data-e-type=\"container\">\n\t\t\t\t\t<div class=\"e-con-inner\">\n\t\t<div class=\"elementor-element elementor-element-d0c2eb3 e-con-full e-flex e-con e-child\" data-id=\"d0c2eb3\" data-element_type=\"container\" data-e-type=\"container\">\n\t\t\t\t<div class=\"elementor-element elementor-element-d5eac67 elementor-widget elementor-widget-heading\" data-id=\"d5eac67\" data-element_type=\"widget\" data-e-type=\"widget\" data-widget_type=\"heading.default\">\n\t\t\t\t<div class=\"elementor-widget-container\">\n\t\t\t\t\t<h2 class=\"elementor-heading-title elementor-size-default\">Pisz\u0105 o nas w mediach!<\/h2>\t\t\t\t<\/div>\n\t\t\t\t<\/div>\n\t\t\t\t<\/div>\n\t\t<div class=\"elementor-element elementor-element-b2eacae e-con-full e-flex e-con e-child\" data-id=\"b2eacae\" data-element_type=\"container\" data-e-type=\"container\">\n\t\t\t\t<div class=\"elementor-element elementor-element-66a79ef elementor-widget elementor-widget-html\" data-id=\"66a79ef\" data-element_type=\"widget\" data-e-type=\"widget\" data-widget_type=\"html.default\">\n\t\t\t\t<div class=\"elementor-widget-container\">\n\t\t\t\t\t<article>\n  <h2>Przedszkole z prawdziwego zdarzenia \u2013 Domowe przedszkole (artyku\u0142 z tcz.pl)<\/h2>\n  <p>\n    \u201eW\u015br\u00f3d zaj\u0119\u0107 w Domowym Przedszkolu znajdziemy dwa j\u0119zyki obce, jog\u0119 prowadzon\u0105 przez uwielbianego przez dzieci pana Patryka (uWA\u017bNI), zaj\u0119cia taneczne organizowane przez najlepszy w Tczewie Teatr Ta\u0144ca 8negro, ponadto logopedi\u0119, rytmik\u0119, gimnastyk\u0119, trening umiej\u0119tno\u015bci spo\u0142ecznych i autorskie spotkania z cyklu \"Dzieci goszcz\u0105...\".\u201d\n  <\/p>\n  <p>\n    Ca\u0142o\u015b\u0107 przeczytasz tutaj:\n    <a href=\"https:\/\/www.tcz.pl\/index.php?p=1,47,0,wiadomosci&item=8952d00c0df007df&title=przedszkole-z-prawdziwego-zdarzenia-domowe-przedszkole\"\n       target=\"_blank\" rel=\"noopener noreferrer\">\n       Przedszkole z prawdziwego zdarzenia \u2013 Domowe przedszkole (tcz.pl)\n    <\/a>\n  <\/p>\n<\/article>\t\t\t\t<\/div>\n\t\t\t\t<\/div>\n\t\t\t\t<\/div>\n\t\t\t\t\t<\/div>\n\t\t\t\t<\/div>\n\t\t<div class=\"elementor-element elementor-element-fb97664 e-flex e-con-boxed e-con e-parent\" data-id=\"fb97664\" data-element_type=\"container\" data-e-type=\"container\">\n\t\t\t\t\t<div class=\"e-con-inner\">\n\t\t\t\t<div class=\"elementor-element elementor-element-eafb9d7 elementor-widget-divider--separator-type-pattern elementor-widget-divider--view-line elementor-widget elementor-widget-divider\" data-id=\"eafb9d7\" data-element_type=\"widget\" data-e-type=\"widget\" data-widget_type=\"divider.default\">\n\t\t\t\t<div class=\"elementor-widget-container\">\n\t\t\t\t\t\t\t<div class=\"elementor-divider\" style=\"--divider-pattern-url: url(&quot;data:image\/svg+xml,%3Csvg xmlns=&#039;http:\/\/www.w3.org\/2000\/svg&#039; preserveAspectRatio=&#039;none&#039; overflow=&#039;visible&#039; height=&#039;100%&#039; viewBox=&#039;0 0 24 24&#039; fill=&#039;none&#039; stroke=&#039;black&#039; stroke-width=&#039;1&#039; stroke-linecap=&#039;square&#039; stroke-miterlimit=&#039;10&#039;%3E%3Cpath d=&#039;M0,6c6,0,0.9,11.1,6.9,11.1S18,6,24,6&#039;\/%3E%3C\/svg%3E&quot;);\">\n\t\t\t<span class=\"elementor-divider-separator\">\n\t\t\t\t\t\t<\/span>\n\t\t<\/div>\n\t\t\t\t\t\t<\/div>\n\t\t\t\t<\/div>\n\t\t\t\t\t<\/div>\n\t\t\t\t<\/div>\n\t\t\t\t<\/div>\n\t\t","protected":false},"excerpt":{"rendered":"<p>Domowe Przedszkole powsta\u0142o w 2013 roku, w domu przy ul. Kr\u00f3lowej Bony w Tczewie. Jako dwie studentki postanowi\u0142y\u015bmy wtedy stworzy\u0107 miejsce, w kt\u00f3rym dzieci b\u0119d\u0105 szcz\u0119\u015bliwie sp\u0119dza\u0107 czas roz\u0142\u0105ki z rodzicami. Uda\u0142o si\u0119! Z roku na rok przybywa\u0142o rodzic\u00f3w, kt\u00f3rzy nam zaufali. Powi\u0119ksza\u0142 si\u0119 r\u00f3wnie\u017c nasz zesp\u00f3\u0142, kt\u00f3ry obecnie liczy ponad 20 os\u00f3b. To nie [&hellip;]<\/p>\n","protected":false},"author":1,"featured_media":0,"parent":0,"menu_order":0,"comment_status":"closed","ping_status":"closed","template":"","meta":{"footnotes":""},"class_list":["post-44","page","type-page","status-publish","hentry"],"_links":{"self":[{"href":"https:\/\/domoweprzedszkoletczew.pl\/index.php?rest_route=\/wp\/v2\/pages\/44","targetHints":{"allow":["GET"]}}],"collection":[{"href":"https:\/\/domoweprzedszkoletczew.pl\/index.php?rest_route=\/wp\/v2\/pages"}],"about":[{"href":"https:\/\/domoweprzedszkoletczew.pl\/index.php?rest_route=\/wp\/v2\/types\/page"}],"author":[{"embeddable":true,"href":"https:\/\/domoweprzedszkoletczew.pl\/index.php?rest_route=\/wp\/v2\/users\/1"}],"replies":[{"embeddable":true,"href":"https:\/\/domoweprzedszkoletczew.pl\/index.php?rest_route=%2Fwp%2Fv2%2Fcomments&post=44"}],"version-history":[{"count":64,"href":"https:\/\/domoweprzedszkoletczew.pl\/index.php?rest_route=\/wp\/v2\/pages\/44\/revisions"}],"predecessor-version":[{"id":458,"href":"https:\/\/domoweprzedszkoletczew.pl\/index.php?rest_route=\/wp\/v2\/pages\/44\/revisions\/458"}],"wp:attachment":[{"href":"https:\/\/domoweprzedszkoletczew.pl\/index.php?rest_route=%2Fwp%2Fv2%2Fmedia&parent=44"}],"curies":[{"name":"wp","href":"https:\/\/api.w.org\/{rel}","templated":true}]}}