{"id":248,"date":"2024-12-22T14:38:20","date_gmt":"2024-12-22T13:38:20","guid":{"rendered":"https:\/\/domoweprzedszkoletczew.pl\/?page_id=248"},"modified":"2024-12-22T14:39:26","modified_gmt":"2024-12-22T13:39:26","slug":"rodzic-dziecka-z-wyzwaniami-rozwojowymi","status":"publish","type":"page","link":"https:\/\/domoweprzedszkoletczew.pl\/?page_id=248","title":{"rendered":"Rodzic dziecka z wyzwaniami rozwojowymi"},"content":{"rendered":"\t\t<div data-elementor-type=\"wp-page\" data-elementor-id=\"248\" class=\"elementor elementor-248\">\n\t\t\t\t<div class=\"elementor-element elementor-element-467f2d4 e-flex e-con-boxed e-con e-parent\" data-id=\"467f2d4\" data-element_type=\"container\" data-e-type=\"container\">\n\t\t\t\t\t<div class=\"e-con-inner\">\n\t\t\t\t<div class=\"elementor-element elementor-element-d3ca850 elementor-widget elementor-widget-text-editor\" data-id=\"d3ca850\" data-element_type=\"widget\" data-e-type=\"widget\" data-widget_type=\"text-editor.default\">\n\t\t\t\t<div class=\"elementor-widget-container\">\n\t\t\t\t\t\t\t\t\t<p>Twoje dziecko posiada orzeczenie o potrzebie kszta\u0142cenia specjalnego ze wzgl\u0119du na spektrum autyzmu? Dobrze trafi\u0142e\u015b. W naszym przedszkolu organizujemy terapi\u0119 dla dzieci z zaburzeniami ze spektrum autyzmu ju\u017c od 10 lat. Staramy si\u0119 poprawi\u0107 jako\u015b\u0107 \u017cycia dziecka i jego rodziny. Mamy wspania\u0142y i dobrze przygotowany zesp\u00f3\u0142. Dysponujemy szeregiem zaj\u0119\u0107 terapeutycznych dopasowanych do specjalnych potrzeb dziecka. Posiadamy bogate zaplecze pomocy edukacyjnych. Jeste\u015bmy przedszkolem integracyjnym, stwarzamy warunki do nabywania kompetencji spo\u0142ecznych i na\u015bladowania prawid\u0142owych wzorc\u00f3w zachowa\u0144.<\/p>\t\t\t\t\t\t\t\t<\/div>\n\t\t\t\t<\/div>\n\t\t\t\t\t<\/div>\n\t\t\t\t<\/div>\n\t\t\t\t<\/div>\n\t\t","protected":false},"excerpt":{"rendered":"<p>Twoje dziecko posiada orzeczenie o potrzebie kszta\u0142cenia specjalnego ze wzgl\u0119du na spektrum autyzmu? Dobrze trafi\u0142e\u015b. W naszym przedszkolu organizujemy terapi\u0119 dla dzieci z zaburzeniami ze spektrum autyzmu ju\u017c od 10 lat. Staramy si\u0119 poprawi\u0107 jako\u015b\u0107 \u017cycia dziecka i jego rodziny. Mamy wspania\u0142y i dobrze przygotowany zesp\u00f3\u0142. Dysponujemy szeregiem zaj\u0119\u0107 terapeutycznych dopasowanych do specjalnych potrzeb dziecka. [&hellip;]<\/p>\n","protected":false},"author":1,"featured_media":0,"parent":0,"menu_order":0,"comment_status":"closed","ping_status":"closed","template":"","meta":{"footnotes":""},"class_list":["post-248","page","type-page","status-publish","hentry"],"_links":{"self":[{"href":"https:\/\/domoweprzedszkoletczew.pl\/index.php?rest_route=\/wp\/v2\/pages\/248","targetHints":{"allow":["GET"]}}],"collection":[{"href":"https:\/\/domoweprzedszkoletczew.pl\/index.php?rest_route=\/wp\/v2\/pages"}],"about":[{"href":"https:\/\/domoweprzedszkoletczew.pl\/index.php?rest_route=\/wp\/v2\/types\/page"}],"author":[{"embeddable":true,"href":"https:\/\/domoweprzedszkoletczew.pl\/index.php?rest_route=\/wp\/v2\/users\/1"}],"replies":[{"embeddable":true,"href":"https:\/\/domoweprzedszkoletczew.pl\/index.php?rest_route=%2Fwp%2Fv2%2Fcomments&post=248"}],"version-history":[{"count":4,"href":"https:\/\/domoweprzedszkoletczew.pl\/index.php?rest_route=\/wp\/v2\/pages\/248\/revisions"}],"predecessor-version":[{"id":252,"href":"https:\/\/domoweprzedszkoletczew.pl\/index.php?rest_route=\/wp\/v2\/pages\/248\/revisions\/252"}],"wp:attachment":[{"href":"https:\/\/domoweprzedszkoletczew.pl\/index.php?rest_route=%2Fwp%2Fv2%2Fmedia&parent=248"}],"curies":[{"name":"wp","href":"https:\/\/api.w.org\/{rel}","templated":true}]}}